{"id":956,"date":"2023-03-11T17:06:48","date_gmt":"2023-03-11T16:06:48","guid":{"rendered":"https:\/\/www.gigapixel.ch\/v1\/?page_id=956"},"modified":"2023-03-11T17:08:33","modified_gmt":"2023-03-11T16:08:33","slug":"generate","status":"publish","type":"page","link":"https:\/\/www.gigapixel.ch\/v1\/generate\/","title":{"rendered":"Generate"},"content":{"rendered":"<div class=\"gb-grid-wrapper gb-grid-wrapper-328e572f\">\n<div class=\"gb-grid-column gb-grid-column-f641bdcd\"><div class=\"gb-container gb-container-f641bdcd\">\n\n<div class=\"gb-grid-wrapper gb-grid-wrapper-ca124e84 gb-query-loop-wrapper\">\n<div class=\"gb-grid-column gb-grid-column-5727fe62 gb-query-loop-item post-569 post type-post status-publish format-standard has-post-thumbnail hentry category-rss-travel-food tag-rss tag-travel-food\"><div class=\"gb-container gb-container-5727fe62\">\n<figure class=\"gb-block-image gb-block-image-54cc431f\"><img fetchpriority=\"high\" decoding=\"async\" width=\"1880\" height=\"1254\" src=\"https:\/\/www.gigapixel.ch\/v1\/wp-content\/uploads\/2019\/09\/Blech-Streusel-Kuchen-Aprikosen-Brombeer-Heidelbeer-7-940x627402x.jpg\" class=\"gb-image-54cc431f\" alt=\"\" srcset=\"https:\/\/www.gigapixel.ch\/v1\/wp-content\/uploads\/2019\/09\/Blech-Streusel-Kuchen-Aprikosen-Brombeer-Heidelbeer-7-940x627402x.jpg 1880w, https:\/\/www.gigapixel.ch\/v1\/wp-content\/uploads\/2019\/09\/Blech-Streusel-Kuchen-Aprikosen-Brombeer-Heidelbeer-7-940x627402x-300x200.jpg 300w, https:\/\/www.gigapixel.ch\/v1\/wp-content\/uploads\/2019\/09\/Blech-Streusel-Kuchen-Aprikosen-Brombeer-Heidelbeer-7-940x627402x-768x512.jpg 768w, https:\/\/www.gigapixel.ch\/v1\/wp-content\/uploads\/2019\/09\/Blech-Streusel-Kuchen-Aprikosen-Brombeer-Heidelbeer-7-940x627402x-1024x683.jpg 1024w\" sizes=\"(max-width: 1880px) 100vw, 1880px\" \/><\/figure>\n\n<h2 class=\"gb-headline gb-headline-fd6d9912 gb-headline-text\"><a href=\"https:\/\/www.princess.ch\/blog\/blechkuchen-streusel-aprikose-heidelbeer-brombeer\/\">Sommerlicher Streuselkuchen vom Blech<\/a><\/h2>\n\n<p class=\"gb-headline gb-headline-879c44f6 gb-headline-text\"><time class=\"entry-date published\" datetime=\"2019-08-23T07:00:54+02:00\">23. August 2019<\/time><\/p>\n\n<div class=\"gb-headline gb-headline-7d2be70d gb-headline-text\">Nach meiner Pause bei der Juli-Challenge bin ich zur\u00fcck und habe mir f\u00fcr die August-Herausforderung einen einfachen und schnellen Blechkuchen mit Sommerfr\u00fcchten ausgesucht. Dazu gibt es eine Schicht im Kuchen, die f\u00fcr extra Saftigkeit sorgt. Was war \u00fcberhaupt im Warenkorb der August-Challenge? Aprikosen, Blaubeeren, Brombeeren, Gurke, Eichblattsalat und Knoblauch Ich habe mich dieses Mal f\u00fcr<\/div>\n<\/div><\/div>\n\n<div class=\"gb-grid-column gb-grid-column-5727fe62 gb-query-loop-item post-554 post type-post status-publish format-standard has-post-thumbnail hentry category-rss-travel-food tag-rss tag-travel-food\"><div class=\"gb-container gb-container-5727fe62\">\n<figure class=\"gb-block-image gb-block-image-54cc431f\"><img decoding=\"async\" width=\"1880\" height=\"1254\" src=\"https:\/\/www.gigapixel.ch\/v1\/wp-content\/uploads\/2019\/09\/Pastasalat-Rezept-einfach-2-940x627402x.jpg\" class=\"gb-image-54cc431f\" alt=\"\" srcset=\"https:\/\/www.gigapixel.ch\/v1\/wp-content\/uploads\/2019\/09\/Pastasalat-Rezept-einfach-2-940x627402x.jpg 1880w, https:\/\/www.gigapixel.ch\/v1\/wp-content\/uploads\/2019\/09\/Pastasalat-Rezept-einfach-2-940x627402x-300x200.jpg 300w, https:\/\/www.gigapixel.ch\/v1\/wp-content\/uploads\/2019\/09\/Pastasalat-Rezept-einfach-2-940x627402x-768x512.jpg 768w, https:\/\/www.gigapixel.ch\/v1\/wp-content\/uploads\/2019\/09\/Pastasalat-Rezept-einfach-2-940x627402x-1024x683.jpg 1024w\" sizes=\"(max-width: 1880px) 100vw, 1880px\" \/><\/figure>\n\n<h2 class=\"gb-headline gb-headline-fd6d9912 gb-headline-text\"><a href=\"https:\/\/www.princess.ch\/blog\/pasta-nudel-salat-rezept-der-beste\/\"><div>Der beste Pastasalat \u2013 einfach &#038; schnell<\/div><\/a><\/h2>\n\n<p class=\"gb-headline gb-headline-879c44f6 gb-headline-text\"><time class=\"entry-date published\" datetime=\"2019-08-14T08:31:30+02:00\">14. August 2019<\/time><\/p>\n\n<div class=\"gb-headline gb-headline-7d2be70d gb-headline-text\">Sommer Endspurt! Und dazu geh\u00f6rt noch ein weiterer Grillparty-Klassiker. Denn diesen Pastasalat mache ich seit vielen Jahren bei Festen und Grillhappenings mit Freunden \u2013 und er kommt immer gut an. Nat\u00fcrlich ist \u201eder beste Pastasalat\u201c Geschmacksache, aber ich war mal so frei mit dem Titel. \ud83d\ude09 H\u00f6chste Zeit also, dass er auch hier auf dem<\/div>\n<\/div><\/div>\n\n<div class=\"gb-grid-column gb-grid-column-5727fe62 gb-query-loop-item post-546 post type-post status-publish format-standard has-post-thumbnail hentry category-rss-travel-food tag-rss tag-travel-food\"><div class=\"gb-container gb-container-5727fe62\">\n<figure class=\"gb-block-image gb-block-image-54cc431f\"><img decoding=\"async\" width=\"1880\" height=\"1254\" src=\"https:\/\/www.gigapixel.ch\/v1\/wp-content\/uploads\/2019\/09\/Fruehstueck-Muffin-Ei-Speck-2-940x627402x.jpg\" class=\"gb-image-54cc431f\" alt=\"\" srcset=\"https:\/\/www.gigapixel.ch\/v1\/wp-content\/uploads\/2019\/09\/Fruehstueck-Muffin-Ei-Speck-2-940x627402x.jpg 1880w, https:\/\/www.gigapixel.ch\/v1\/wp-content\/uploads\/2019\/09\/Fruehstueck-Muffin-Ei-Speck-2-940x627402x-300x200.jpg 300w, https:\/\/www.gigapixel.ch\/v1\/wp-content\/uploads\/2019\/09\/Fruehstueck-Muffin-Ei-Speck-2-940x627402x-768x512.jpg 768w, https:\/\/www.gigapixel.ch\/v1\/wp-content\/uploads\/2019\/09\/Fruehstueck-Muffin-Ei-Speck-2-940x627402x-1024x683.jpg 1024w\" sizes=\"(max-width: 1880px) 100vw, 1880px\" \/><\/figure>\n\n<h2 class=\"gb-headline gb-headline-fd6d9912 gb-headline-text\"><a href=\"https:\/\/www.princess.ch\/blog\/bacon-egg-breakfast-muffins-einfach-und-schnell-gemacht\/\"><div>Fr\u00fchst\u00fcckmuffins mit Speck und Ei \u2013 einfach &#038; lecker<\/div><\/a><\/h2>\n\n<p class=\"gb-headline gb-headline-879c44f6 gb-headline-text\"><time class=\"entry-date published\" datetime=\"2019-08-06T10:00:06+02:00\">6. August 2019<\/time><\/p>\n\n<div class=\"gb-headline gb-headline-7d2be70d gb-headline-text\">Ich liebe es am Wochenende gen\u00fcsslich zu Fr\u00fchst\u00fccken, da darf es auch mal was Spezielles sein, muss ja nicht immer ein Brot mit \u201eGonfi\u201c sein. Wie w\u00e4re es mit einfachen Fr\u00fchst\u00fccksmuffins? Gesehen habe ich die Idee auf Pinterest und wer eine Muffinform zur Hand hat, hat somit sehr schnell ein tolles Fr\u00fchst\u00fcck gezaubert, welches auch<\/div>\n<\/div><\/div>\n\n<div class=\"gb-grid-column gb-grid-column-5727fe62 gb-query-loop-item post-520 post type-post status-publish format-standard has-post-thumbnail hentry category-rss-travel-food tag-rss tag-travel-food\"><div class=\"gb-container gb-container-5727fe62\">\n<figure class=\"gb-block-image gb-block-image-54cc431f\"><img loading=\"lazy\" decoding=\"async\" width=\"1880\" height=\"1254\" src=\"https:\/\/www.gigapixel.ch\/v1\/wp-content\/uploads\/2019\/09\/Murten-See-Bike-Tour-20-940x627402x.jpg\" class=\"gb-image-54cc431f\" alt=\"\" srcset=\"https:\/\/www.gigapixel.ch\/v1\/wp-content\/uploads\/2019\/09\/Murten-See-Bike-Tour-20-940x627402x.jpg 1880w, https:\/\/www.gigapixel.ch\/v1\/wp-content\/uploads\/2019\/09\/Murten-See-Bike-Tour-20-940x627402x-300x200.jpg 300w, https:\/\/www.gigapixel.ch\/v1\/wp-content\/uploads\/2019\/09\/Murten-See-Bike-Tour-20-940x627402x-768x512.jpg 768w, https:\/\/www.gigapixel.ch\/v1\/wp-content\/uploads\/2019\/09\/Murten-See-Bike-Tour-20-940x627402x-1024x683.jpg 1024w\" sizes=\"(max-width: 1880px) 100vw, 1880px\" \/><\/figure>\n\n<h2 class=\"gb-headline gb-headline-fd6d9912 gb-headline-text\"><a href=\"https:\/\/www.princess.ch\/blog\/ausflugstipp-murten-see-bike-velotour\/\">Ausflugstipp: Murtensee mit dem E-Bike<\/a><\/h2>\n\n<p class=\"gb-headline gb-headline-879c44f6 gb-headline-text\"><time class=\"entry-date published\" datetime=\"2019-08-02T08:30:29+02:00\">2. August 2019<\/time><\/p>\n\n<div class=\"gb-headline gb-headline-7d2be70d gb-headline-text\">Werbung in Zusammenarbeit mit BLS Auf zwei R\u00e4dern um den Murtensee, dabei fein Zmittag essen mit Weitsicht und zum Schluss eine lokale Spezialit\u00e4t geniessen. So h\u00f6rt sich ein perfekter Tag f\u00fcr mich an! Unsere Genussreise um den Murtensee ist ein weiterer Teil meiner Swissness-Serie, in der ich Orte und Regionen entdecke, die ich bisher in<\/div>\n<\/div><\/div>\n\n<div class=\"gb-grid-column gb-grid-column-5727fe62 gb-query-loop-item post-475 post type-post status-publish format-standard has-post-thumbnail hentry category-rss-travel-food tag-rss tag-travel-food\"><div class=\"gb-container gb-container-5727fe62\">\n<figure class=\"gb-block-image gb-block-image-54cc431f\"><img loading=\"lazy\" decoding=\"async\" width=\"1880\" height=\"1254\" src=\"https:\/\/www.gigapixel.ch\/v1\/wp-content\/uploads\/2019\/09\/Tessin-Lugano-Food-Tour-45-940x627402x.jpg\" class=\"gb-image-54cc431f\" alt=\"\" srcset=\"https:\/\/www.gigapixel.ch\/v1\/wp-content\/uploads\/2019\/09\/Tessin-Lugano-Food-Tour-45-940x627402x.jpg 1880w, https:\/\/www.gigapixel.ch\/v1\/wp-content\/uploads\/2019\/09\/Tessin-Lugano-Food-Tour-45-940x627402x-300x200.jpg 300w, https:\/\/www.gigapixel.ch\/v1\/wp-content\/uploads\/2019\/09\/Tessin-Lugano-Food-Tour-45-940x627402x-768x512.jpg 768w, https:\/\/www.gigapixel.ch\/v1\/wp-content\/uploads\/2019\/09\/Tessin-Lugano-Food-Tour-45-940x627402x-1024x683.jpg 1024w\" sizes=\"(max-width: 1880px) 100vw, 1880px\" \/><\/figure>\n\n<h2 class=\"gb-headline gb-headline-fd6d9912 gb-headline-text\"><a href=\"https:\/\/www.princess.ch\/blog\/tessin-lugano-ausflugstipps\/\"><div>14 Tipps &#038; Todos f\u00fcr Lugano, Tessin<\/div><\/a><\/h2>\n\n<p class=\"gb-headline gb-headline-879c44f6 gb-headline-text\"><time class=\"entry-date published\" datetime=\"2019-07-25T07:30:58+02:00\">25. Juli 2019<\/time><\/p>\n\n<div class=\"gb-headline gb-headline-7d2be70d gb-headline-text\">Sommer, Sonne und ein toller See? Die n\u00e4chste Runde meiner Swissness-Serie f\u00fchrt mich in die Schweizer Sonnestube ins Tessin, genauer gesagt nach Lugano. Auf der Agenda steht Essen, was sonst bei uns. Und der Luganer Hausberg, der Monte Br\u00e8. Aber starten wir von vorne.. Mein Vorhaben in diesem Jahr? Ich m\u00f6chte Schweizer Orte und Regionen<\/div>\n<\/div><\/div>\n\n<div class=\"gb-grid-column gb-grid-column-5727fe62 gb-query-loop-item post-427 post type-post status-publish format-standard has-post-thumbnail hentry category-rss-travel-food tag-rss tag-travel-food\"><div class=\"gb-container gb-container-5727fe62\">\n<figure class=\"gb-block-image gb-block-image-54cc431f\"><img loading=\"lazy\" decoding=\"async\" width=\"600\" height=\"400\" src=\"https:\/\/www.gigapixel.ch\/v1\/wp-content\/uploads\/2019\/03\/Update-princess-sonnenuntergang-600x400.jpg\" class=\"gb-image-54cc431f\" alt=\"\" srcset=\"https:\/\/www.gigapixel.ch\/v1\/wp-content\/uploads\/2019\/03\/Update-princess-sonnenuntergang-600x400.jpg 600w, https:\/\/www.gigapixel.ch\/v1\/wp-content\/uploads\/2019\/03\/Update-princess-sonnenuntergang-600x400-300x200.jpg 300w\" sizes=\"(max-width: 600px) 100vw, 600px\" \/><\/figure>\n\n<h2 class=\"gb-headline gb-headline-fd6d9912 gb-headline-text\"><a href=\"https:\/\/www.princess.ch\/blog\/update-reiseprojekt-foodie-news\/\">Update: Foodie-News und ein Reise-Projekt<\/a><\/h2>\n\n<p class=\"gb-headline gb-headline-879c44f6 gb-headline-text\"><time class=\"entry-date published\" datetime=\"2019-03-31T17:09:09+02:00\">31. M\u00e4rz 2019<\/time><\/p>\n\n<div class=\"gb-headline gb-headline-7d2be70d gb-headline-text\">Hui, lange ist es her, seit dem letzten Sonntagsupdate. Nach unseren 3 Monaten in Kanada ist dieses Format etwas eingeschlafen. Ich habe meine Selbst\u00e4ndigkeit gestartet und musste mich erst mal etwas eingrooven. Nun bin ich aber wieder ready \u2013 auch wenn ich das Update k\u00fcnftig in unregelm\u00e4ssigen Abst\u00e4nden ver\u00f6ffentlichen werde. Was l\u00e4uft hinter den Kulissen,<\/div>\n<\/div><\/div>\n\n<div class=\"gb-grid-column gb-grid-column-5727fe62 gb-query-loop-item post-425 post type-post status-publish format-standard has-post-thumbnail hentry category-rss-travel-food tag-rss tag-travel-food\"><div class=\"gb-container gb-container-5727fe62\">\n<figure class=\"gb-block-image gb-block-image-54cc431f\"><img loading=\"lazy\" decoding=\"async\" width=\"600\" height=\"400\" src=\"https:\/\/www.gigapixel.ch\/v1\/wp-content\/uploads\/2019\/03\/zugfahren-eurasia-by-train-part-8-europa-zugfahren-600x400.jpg\" class=\"gb-image-54cc431f\" alt=\"\" srcset=\"https:\/\/www.gigapixel.ch\/v1\/wp-content\/uploads\/2019\/03\/zugfahren-eurasia-by-train-part-8-europa-zugfahren-600x400.jpg 600w, https:\/\/www.gigapixel.ch\/v1\/wp-content\/uploads\/2019\/03\/zugfahren-eurasia-by-train-part-8-europa-zugfahren-600x400-300x200.jpg 300w\" sizes=\"(max-width: 600px) 100vw, 600px\" \/><\/figure>\n\n<h2 class=\"gb-headline gb-headline-fd6d9912 gb-headline-text\"><a href=\"https:\/\/www.princess.ch\/blog\/eurasia-by-train-part-8-von-edinburgh-nach-bruessel-mit-dem-zug\/\">EurAsia by train Part 8: Von Edinburgh nach Br\u00fcssel mit dem Zug<\/a><\/h2>\n\n<p class=\"gb-headline gb-headline-879c44f6 gb-headline-text\"><time class=\"entry-date published\" datetime=\"2019-03-31T17:09:08+02:00\">31. M\u00e4rz 2019<\/time><\/p>\n\n<div class=\"gb-headline gb-headline-7d2be70d gb-headline-text\">EurAsia by train Part 8 beginnt einmal mehr ganz anders als geplant. Flug gecancelt, Kreditkarte gesperrt und somit versp\u00e4tete sich meine Anreise f\u00fcr ein paar Tage. Obwohl ich schon 2008 und beim letzten EurAsia by train \u2013 Trip einiges von Schottland gesehen habe, so wollte ich doch noch etwas mehr Zeit in Schottland verbringen. Aber<\/div>\n<\/div><\/div>\n\n<div class=\"gb-grid-column gb-grid-column-5727fe62 gb-query-loop-item post-423 post type-post status-publish format-standard has-post-thumbnail hentry category-rss-travel-food tag-rss tag-travel-food\"><div class=\"gb-container gb-container-5727fe62\">\n<figure class=\"gb-block-image gb-block-image-54cc431f\"><img loading=\"lazy\" decoding=\"async\" width=\"600\" height=\"400\" src=\"https:\/\/www.gigapixel.ch\/v1\/wp-content\/uploads\/2019\/03\/Rezept-Feta-gebacken-Haselnuss-Kruste-Feldsalat-Birnen-6-600x400.jpg\" class=\"gb-image-54cc431f\" alt=\"\" srcset=\"https:\/\/www.gigapixel.ch\/v1\/wp-content\/uploads\/2019\/03\/Rezept-Feta-gebacken-Haselnuss-Kruste-Feldsalat-Birnen-6-600x400.jpg 600w, https:\/\/www.gigapixel.ch\/v1\/wp-content\/uploads\/2019\/03\/Rezept-Feta-gebacken-Haselnuss-Kruste-Feldsalat-Birnen-6-600x400-300x200.jpg 300w\" sizes=\"(max-width: 600px) 100vw, 600px\" \/><\/figure>\n\n<h2 class=\"gb-headline gb-headline-fd6d9912 gb-headline-text\"><a href=\"https:\/\/www.princess.ch\/blog\/rezept-feta-haselnusskruste-birnen-feldsalat\/\">Feta in Haselnusskruste auf Birnen-Feldsalat<\/a><\/h2>\n\n<p class=\"gb-headline gb-headline-879c44f6 gb-headline-text\"><time class=\"entry-date published\" datetime=\"2019-03-31T17:09:07+02:00\">31. M\u00e4rz 2019<\/time><\/p>\n\n<div class=\"gb-headline gb-headline-7d2be70d gb-headline-text\">Im Februar haben wir die Plattform Foodblogs Schweiz ins Leben gerufen. Eine Seite von Schweizer Foodbloggern f\u00fcr die Food Blog und Foodie-Szene der Schweiz. Dabei m\u00f6chten wir monatlich eine Challenge rund um einen lokalen \u201eWarenkorb\u201c durchf\u00fchren. W\u00e4hle dir dabei mindestens zwei der Zutaten aus und kreiere damit ein feines saisonales Gericht. \u00dcbrigens: es gibt auch<\/div>\n<\/div><\/div>\n\n<div class=\"gb-grid-column gb-grid-column-5727fe62 gb-query-loop-item post-421 post type-post status-publish format-standard has-post-thumbnail hentry category-rss-travel-food tag-rss tag-travel-food\"><div class=\"gb-container gb-container-5727fe62\">\n<figure class=\"gb-block-image gb-block-image-54cc431f\"><img loading=\"lazy\" decoding=\"async\" width=\"600\" height=\"400\" src=\"https:\/\/www.gigapixel.ch\/v1\/wp-content\/uploads\/2019\/03\/Hotel-Atlantis-Giardino-Zurich-9-600x400.jpg\" class=\"gb-image-54cc431f\" alt=\"\" srcset=\"https:\/\/www.gigapixel.ch\/v1\/wp-content\/uploads\/2019\/03\/Hotel-Atlantis-Giardino-Zurich-9-600x400.jpg 600w, https:\/\/www.gigapixel.ch\/v1\/wp-content\/uploads\/2019\/03\/Hotel-Atlantis-Giardino-Zurich-9-600x400-300x200.jpg 300w\" sizes=\"(max-width: 600px) 100vw, 600px\" \/><\/figure>\n\n<h2 class=\"gb-headline gb-headline-fd6d9912 gb-headline-text\"><a href=\"https:\/\/www.princess.ch\/blog\/ausflugstipp-schweiz-ayurveda-wellness-hotel-atlantis-giardino\/\">Ausflugstipp: ein Urban Retreat im Zeichen von Ayurveda<\/a><\/h2>\n\n<p class=\"gb-headline gb-headline-879c44f6 gb-headline-text\"><time class=\"entry-date published\" datetime=\"2019-03-31T17:09:07+02:00\">31. M\u00e4rz 2019<\/time><\/p>\n\n<div class=\"gb-headline gb-headline-7d2be70d gb-headline-text\">Wir befinden uns mitten in Z\u00fcrich und trotzdem f\u00fchlt es sich wie eine richtige Auszeit an. Ausflugstipp Nr. 3 meiner Schweiz-Serie f\u00fchrt mich in ein Urban Retreat ins Hotel Atlantis by Giardino in Z\u00fcrich. Hier steht Entspannung auf dem Programm: genauer gesagt Ayurveda. \u201eDie Lehre des Lebens\u201c bedeutet es \u00fcbersetzt und genau das werde ich<\/div>\n<\/div><\/div>\n\n<div class=\"gb-grid-column gb-grid-column-5727fe62 gb-query-loop-item post-419 post type-post status-publish format-standard has-post-thumbnail hentry category-rss-travel-food tag-rss tag-travel-food\"><div class=\"gb-container gb-container-5727fe62\">\n<figure class=\"gb-block-image gb-block-image-54cc431f\"><img loading=\"lazy\" decoding=\"async\" width=\"600\" height=\"400\" src=\"https:\/\/www.gigapixel.ch\/v1\/wp-content\/uploads\/2019\/03\/Ricotta-Zitronen-Pancakes-Rezept-5-600x400.jpg\" class=\"gb-image-54cc431f\" alt=\"\" srcset=\"https:\/\/www.gigapixel.ch\/v1\/wp-content\/uploads\/2019\/03\/Ricotta-Zitronen-Pancakes-Rezept-5-600x400.jpg 600w, https:\/\/www.gigapixel.ch\/v1\/wp-content\/uploads\/2019\/03\/Ricotta-Zitronen-Pancakes-Rezept-5-600x400-300x200.jpg 300w\" sizes=\"(max-width: 600px) 100vw, 600px\" \/><\/figure>\n\n<h2 class=\"gb-headline gb-headline-fd6d9912 gb-headline-text\"><a href=\"https:\/\/www.princess.ch\/blog\/pancakes-ricotta-zitronen-rezept\/\">Rezept: Ricotta Zitronen Pancakes<\/a><\/h2>\n\n<p class=\"gb-headline gb-headline-879c44f6 gb-headline-text\"><time class=\"entry-date published\" datetime=\"2019-03-31T17:09:06+02:00\">31. M\u00e4rz 2019<\/time><\/p>\n\n<div class=\"gb-headline gb-headline-7d2be70d gb-headline-text\">Wann hast du das letzte Mal Pancakes zubereitet? Ist es schon ein Weilchen her? Dann merk dir dieses Rezept f\u00fcrs n\u00e4chste Wochenende. Luftig leichte Ricotta Pancakes mit Zitrone. Nat\u00fcrlich k\u00f6nnte man die Pancakes noch um Blaubeeren erweitern. Ich hatte aber gerade keine zur Hand, weshalb sie ohne entstanden sind. Und trotzdem super fein sind! Du<\/div>\n<\/div><\/div>\n<\/div>\n\n<\/div><\/div>\n<\/div>","protected":false},"excerpt":{"rendered":"","protected":false},"author":1,"featured_media":0,"parent":0,"menu_order":0,"comment_status":"closed","ping_status":"closed","template":"","meta":{"_uag_custom_page_level_css":"","iawp_total_views":0,"footnotes":""},"class_list":["post-956","page","type-page","status-publish","hentry"],"blocksy_meta":[],"yoast_head":"<!-- This site is optimized with the Yoast SEO plugin v27.4 - https:\/\/yoast.com\/product\/yoast-seo-wordpress\/ -->\n<title>Generate - GigaPixel.ch<\/title>\n<meta name=\"robots\" content=\"index, follow, max-snippet:-1, max-image-preview:large, max-video-preview:-1\" \/>\n<link rel=\"canonical\" href=\"https:\/\/www.gigapixel.ch\/v1\/generate\/\" \/>\n<meta property=\"og:locale\" content=\"de_DE\" \/>\n<meta property=\"og:type\" content=\"article\" \/>\n<meta property=\"og:title\" content=\"Generate - GigaPixel.ch\" \/>\n<meta property=\"og:url\" content=\"https:\/\/www.gigapixel.ch\/v1\/generate\/\" \/>\n<meta property=\"og:site_name\" content=\"GigaPixel.ch\" \/>\n<meta property=\"article:modified_time\" content=\"2023-03-11T16:08:33+00:00\" \/>\n<meta name=\"twitter:card\" content=\"summary_large_image\" \/>\n<script type=\"application\/ld+json\" class=\"yoast-schema-graph\">{\"@context\":\"https:\\\/\\\/schema.org\",\"@graph\":[{\"@type\":\"WebPage\",\"@id\":\"https:\\\/\\\/www.gigapixel.ch\\\/v1\\\/generate\\\/\",\"url\":\"https:\\\/\\\/www.gigapixel.ch\\\/v1\\\/generate\\\/\",\"name\":\"Generate - GigaPixel.ch\",\"isPartOf\":{\"@id\":\"https:\\\/\\\/www.gigapixel.ch\\\/v1\\\/#website\"},\"datePublished\":\"2023-03-11T16:06:48+00:00\",\"dateModified\":\"2023-03-11T16:08:33+00:00\",\"breadcrumb\":{\"@id\":\"https:\\\/\\\/www.gigapixel.ch\\\/v1\\\/generate\\\/#breadcrumb\"},\"inLanguage\":\"de\",\"potentialAction\":[{\"@type\":\"ReadAction\",\"target\":[\"https:\\\/\\\/www.gigapixel.ch\\\/v1\\\/generate\\\/\"]}]},{\"@type\":\"BreadcrumbList\",\"@id\":\"https:\\\/\\\/www.gigapixel.ch\\\/v1\\\/generate\\\/#breadcrumb\",\"itemListElement\":[{\"@type\":\"ListItem\",\"position\":1,\"name\":\"Startseite\",\"item\":\"https:\\\/\\\/www.gigapixel.ch\\\/v1\\\/\"},{\"@type\":\"ListItem\",\"position\":2,\"name\":\"Generate\"}]},{\"@type\":\"WebSite\",\"@id\":\"https:\\\/\\\/www.gigapixel.ch\\\/v1\\\/#website\",\"url\":\"https:\\\/\\\/www.gigapixel.ch\\\/v1\\\/\",\"name\":\"GigaPixel.ch\",\"description\":\"Anything about me, myself and I\",\"potentialAction\":[{\"@type\":\"SearchAction\",\"target\":{\"@type\":\"EntryPoint\",\"urlTemplate\":\"https:\\\/\\\/www.gigapixel.ch\\\/v1\\\/?s={search_term_string}\"},\"query-input\":{\"@type\":\"PropertyValueSpecification\",\"valueRequired\":true,\"valueName\":\"search_term_string\"}}],\"inLanguage\":\"de\"}]}<\/script>\n<!-- \/ Yoast SEO plugin. -->","yoast_head_json":{"title":"Generate - GigaPixel.ch","robots":{"index":"index","follow":"follow","max-snippet":"max-snippet:-1","max-image-preview":"max-image-preview:large","max-video-preview":"max-video-preview:-1"},"canonical":"https:\/\/www.gigapixel.ch\/v1\/generate\/","og_locale":"de_DE","og_type":"article","og_title":"Generate - GigaPixel.ch","og_url":"https:\/\/www.gigapixel.ch\/v1\/generate\/","og_site_name":"GigaPixel.ch","article_modified_time":"2023-03-11T16:08:33+00:00","twitter_card":"summary_large_image","schema":{"@context":"https:\/\/schema.org","@graph":[{"@type":"WebPage","@id":"https:\/\/www.gigapixel.ch\/v1\/generate\/","url":"https:\/\/www.gigapixel.ch\/v1\/generate\/","name":"Generate - GigaPixel.ch","isPartOf":{"@id":"https:\/\/www.gigapixel.ch\/v1\/#website"},"datePublished":"2023-03-11T16:06:48+00:00","dateModified":"2023-03-11T16:08:33+00:00","breadcrumb":{"@id":"https:\/\/www.gigapixel.ch\/v1\/generate\/#breadcrumb"},"inLanguage":"de","potentialAction":[{"@type":"ReadAction","target":["https:\/\/www.gigapixel.ch\/v1\/generate\/"]}]},{"@type":"BreadcrumbList","@id":"https:\/\/www.gigapixel.ch\/v1\/generate\/#breadcrumb","itemListElement":[{"@type":"ListItem","position":1,"name":"Startseite","item":"https:\/\/www.gigapixel.ch\/v1\/"},{"@type":"ListItem","position":2,"name":"Generate"}]},{"@type":"WebSite","@id":"https:\/\/www.gigapixel.ch\/v1\/#website","url":"https:\/\/www.gigapixel.ch\/v1\/","name":"GigaPixel.ch","description":"Anything about me, myself and I","potentialAction":[{"@type":"SearchAction","target":{"@type":"EntryPoint","urlTemplate":"https:\/\/www.gigapixel.ch\/v1\/?s={search_term_string}"},"query-input":{"@type":"PropertyValueSpecification","valueRequired":true,"valueName":"search_term_string"}}],"inLanguage":"de"}]}},"spectra_custom_meta":{"_edit_lock":["1678550914:1"],"_last_editor_used_jetpack":["block-editor"],"_generateblocks_dynamic_css_version":["1.7.3"],"_edit_last":["1"],"cmplz_hide_cookiebanner":[""],"_yoast_wpseo_estimated-reading-time-minutes":["0"],"_yoast_wpseo_wordproof_timestamp":[""],"_cmplz_scanned_post":["1"],"_uag_css_file_name":["uag-css-956.css"],"_uag_page_assets":["a:9:{s:3:\"css\";s:263:\".uag-blocks-common-selector{z-index:var(--z-index-desktop) !important}@media (max-width: 976px){.uag-blocks-common-selector{z-index:var(--z-index-tablet) !important}}@media (max-width: 767px){.uag-blocks-common-selector{z-index:var(--z-index-mobile) !important}}\n\";s:2:\"js\";s:0:\"\";s:18:\"current_block_list\";a:5:{i:0;s:19:\"generateblocks\/grid\";i:1;s:24:\"generateblocks\/container\";i:2;s:25:\"generateblocks\/query-loop\";i:5;s:20:\"generateblocks\/image\";i:6;s:23:\"generateblocks\/headline\";}s:8:\"uag_flag\";b:0;s:11:\"uag_version\";s:10:\"1775829164\";s:6:\"gfonts\";a:0:{}s:10:\"gfonts_url\";s:0:\"\";s:12:\"gfonts_files\";a:0:{}s:14:\"uag_faq_layout\";b:0;}"]},"uagb_featured_image_src":{"full":false,"thumbnail":false,"medium":false,"medium_large":false,"large":false,"1536x1536":false,"2048x2048":false,"cptm_icon":false},"uagb_author_info":{"display_name":"Michel","author_link":"https:\/\/www.gigapixel.ch\/v1\/author\/admin\/"},"uagb_comment_info":0,"uagb_excerpt":null,"_links":{"self":[{"href":"https:\/\/www.gigapixel.ch\/v1\/wp-json\/wp\/v2\/pages\/956","targetHints":{"allow":["GET"]}}],"collection":[{"href":"https:\/\/www.gigapixel.ch\/v1\/wp-json\/wp\/v2\/pages"}],"about":[{"href":"https:\/\/www.gigapixel.ch\/v1\/wp-json\/wp\/v2\/types\/page"}],"author":[{"embeddable":true,"href":"https:\/\/www.gigapixel.ch\/v1\/wp-json\/wp\/v2\/users\/1"}],"replies":[{"embeddable":true,"href":"https:\/\/www.gigapixel.ch\/v1\/wp-json\/wp\/v2\/comments?post=956"}],"version-history":[{"count":3,"href":"https:\/\/www.gigapixel.ch\/v1\/wp-json\/wp\/v2\/pages\/956\/revisions"}],"predecessor-version":[{"id":960,"href":"https:\/\/www.gigapixel.ch\/v1\/wp-json\/wp\/v2\/pages\/956\/revisions\/960"}],"wp:attachment":[{"href":"https:\/\/www.gigapixel.ch\/v1\/wp-json\/wp\/v2\/media?parent=956"}],"curies":[{"name":"wp","href":"https:\/\/api.w.org\/{rel}","templated":true}]}}