{"id":460,"date":"2019-09-01T17:04:41","date_gmt":"2019-09-01T15:04:41","guid":{"rendered":"https:\/\/www.gigapixel.ch\/v1\/?page_id=460"},"modified":"2019-09-01T17:04:42","modified_gmt":"2019-09-01T15:04:42","slug":"feeds","status":"publish","type":"page","link":"https:\/\/www.gigapixel.ch\/v1\/feeds\/","title":{"rendered":"Feeds"},"content":{"rendered":"<div class=\"wpra-display align\" data-display-id=\"1\" hx-target=\"this\" hx-swap=\"outerHTML\">    <div class=\"wp-rss-aggregator wpra-list-template \">\n        <ul class=\"rss-aggregator wpra-item-list wpra-item-list--bullets wpra-item-list--default\" start=\"1\">\n                <li class=\"wpra-item feed-item \">\n        <a href=\"https:\/\/www.princess.ch\/blog\/gruner-spargel-burrata\/\" class=\"\" target=\"_blank\" rel=\"noopener noreferrer nofollow\" style=\"\">Gr\u00fcner Spargel auf Burrata<\/a>\n\n        <div class=\"wprss-feed-meta\">\n                <span class=\"feed-source\">\n        Source: <a href=\"https:\/\/www.princess.ch\/blog\/feed\" class=\"\" target=\"_blank\" rel=\"noopener noreferrer nofollow\" style=\"\">Reiseblog & Food-Blog aus der Schweiz - princess.ch<\/a>\n    <\/span>\n                <span class=\"feed-date\">\n        Published on: 2025-04-27\n    <\/span>\n            \n        <\/div>\n\n        \n    <\/li>    <li class=\"wpra-item feed-item \">\n        <a href=\"https:\/\/www.princess.ch\/blog\/gruener-spargel-flammkuchen\/\" class=\"\" target=\"_blank\" rel=\"noopener noreferrer nofollow\" style=\"\">Gr\u00fcner Spargel Flammkuchen<\/a>\n\n        <div class=\"wprss-feed-meta\">\n                <span class=\"feed-source\">\n        Source: <a href=\"https:\/\/www.princess.ch\/blog\/feed\" class=\"\" target=\"_blank\" rel=\"noopener noreferrer nofollow\" style=\"\">Reiseblog & Food-Blog aus der Schweiz - princess.ch<\/a>\n    <\/span>\n                <span class=\"feed-date\">\n        Published on: 2025-04-10\n    <\/span>\n            \n        <\/div>\n\n        \n    <\/li>    <li class=\"wpra-item feed-item \">\n        <a href=\"https:\/\/www.princess.ch\/blog\/cous-cous-salat-einfach-minze\/\" class=\"\" target=\"_blank\" rel=\"noopener noreferrer nofollow\" style=\"\">Couscous Salat mit Halloumi f\u00fcr die Grillparty<\/a>\n\n        <div class=\"wprss-feed-meta\">\n                <span class=\"feed-source\">\n        Source: <a href=\"https:\/\/www.princess.ch\/blog\/feed\" class=\"\" target=\"_blank\" rel=\"noopener noreferrer nofollow\" style=\"\">Reiseblog & Food-Blog aus der Schweiz - princess.ch<\/a>\n    <\/span>\n                <span class=\"feed-date\">\n        Published on: 2025-04-06\n    <\/span>\n            \n        <\/div>\n\n        \n    <\/li>    <li class=\"wpra-item feed-item \">\n        <a href=\"https:\/\/www.princess.ch\/blog\/lebkuchen-vom-blech\/\" class=\"\" target=\"_blank\" rel=\"noopener noreferrer nofollow\" style=\"\">Lebkuchen vom Blech<\/a>\n\n        <div class=\"wprss-feed-meta\">\n                <span class=\"feed-source\">\n        Source: <a href=\"https:\/\/www.princess.ch\/blog\/feed\" class=\"\" target=\"_blank\" rel=\"noopener noreferrer nofollow\" style=\"\">Reiseblog & Food-Blog aus der Schweiz - princess.ch<\/a>\n    <\/span>\n                <span class=\"feed-date\">\n        Published on: 2024-12-19\n    <\/span>\n            \n        <\/div>\n\n        \n    <\/li>    <li class=\"wpra-item feed-item \">\n        <a href=\"https:\/\/www.princess.ch\/blog\/zimtschnecken-mit-pistazien\/\" class=\"\" target=\"_blank\" rel=\"noopener noreferrer nofollow\" style=\"\">Zimtschnecken mit Pistazien<\/a>\n\n        <div class=\"wprss-feed-meta\">\n                <span class=\"feed-source\">\n        Source: <a href=\"https:\/\/www.princess.ch\/blog\/feed\" class=\"\" target=\"_blank\" rel=\"noopener noreferrer nofollow\" style=\"\">Reiseblog & Food-Blog aus der Schweiz - princess.ch<\/a>\n    <\/span>\n                <span class=\"feed-date\">\n        Published on: 2024-10-10\n    <\/span>\n            \n        <\/div>\n\n        \n    <\/li>    <li class=\"wpra-item feed-item \">\n        <a href=\"https:\/\/www.princess.ch\/blog\/pizzateig-rezept-uber-nacht-kuhlschrank\/\" class=\"\" target=\"_blank\" rel=\"noopener noreferrer nofollow\" style=\"\">Pizzateig \u00fcber Nacht gehen lassen<\/a>\n\n        <div class=\"wprss-feed-meta\">\n                <span class=\"feed-source\">\n        Source: <a href=\"https:\/\/www.princess.ch\/blog\/feed\" class=\"\" target=\"_blank\" rel=\"noopener noreferrer nofollow\" style=\"\">Reiseblog & Food-Blog aus der Schweiz - princess.ch<\/a>\n    <\/span>\n                <span class=\"feed-date\">\n        Published on: 2024-09-20\n    <\/span>\n            \n        <\/div>\n\n        \n    <\/li>    <li class=\"wpra-item feed-item \">\n        <a href=\"https:\/\/www.princess.ch\/blog\/ausflugsziel-fribourg-romont\/\" class=\"\" target=\"_blank\" rel=\"noopener noreferrer nofollow\" style=\"\">Fribourg im Herbst: Kilbi-B\u00e9nichon und eine Mischung aus Stadt, Land und Genuss<\/a>\n\n        <div class=\"wprss-feed-meta\">\n                <span class=\"feed-source\">\n        Source: <a href=\"https:\/\/www.princess.ch\/blog\/feed\" class=\"\" target=\"_blank\" rel=\"noopener noreferrer nofollow\" style=\"\">Reiseblog & Food-Blog aus der Schweiz - princess.ch<\/a>\n    <\/span>\n                <span class=\"feed-date\">\n        Published on: 2024-09-08\n    <\/span>\n            \n        <\/div>\n\n        \n    <\/li>    <li class=\"wpra-item feed-item \">\n        <a href=\"https:\/\/www.princess.ch\/blog\/zurich-open-air-festival\/\" class=\"\" target=\"_blank\" rel=\"noopener noreferrer nofollow\" style=\"\">6 Gr\u00fcnde f\u00fcrs Z\u00fcrich OpenAir<\/a>\n\n        <div class=\"wprss-feed-meta\">\n                <span class=\"feed-source\">\n        Source: <a href=\"https:\/\/www.princess.ch\/blog\/feed\" class=\"\" target=\"_blank\" rel=\"noopener noreferrer nofollow\" style=\"\">Reiseblog & Food-Blog aus der Schweiz - princess.ch<\/a>\n    <\/span>\n                <span class=\"feed-date\">\n        Published on: 2024-08-26\n    <\/span>\n            \n        <\/div>\n\n        \n    <\/li>    <li class=\"wpra-item feed-item \">\n        <a href=\"https:\/\/www.princess.ch\/blog\/knoblauch-confit\/\" class=\"\" target=\"_blank\" rel=\"noopener noreferrer nofollow\" style=\"\">Knoblauch Confit<\/a>\n\n        <div class=\"wprss-feed-meta\">\n                <span class=\"feed-source\">\n        Source: <a href=\"https:\/\/www.princess.ch\/blog\/feed\" class=\"\" target=\"_blank\" rel=\"noopener noreferrer nofollow\" style=\"\">Reiseblog & Food-Blog aus der Schweiz - princess.ch<\/a>\n    <\/span>\n                <span class=\"feed-date\">\n        Published on: 2024-08-22\n    <\/span>\n            \n        <\/div>\n\n        \n    <\/li>    <li class=\"wpra-item feed-item \">\n        <a href=\"https:\/\/www.princess.ch\/blog\/halloumi-salat-mit-granatapfel-kraeutern-gurke-cherrytomaten\/\" class=\"\" target=\"_blank\" rel=\"noopener noreferrer nofollow\" style=\"\">Halloumi Salat mit Granatapfel, Kr\u00e4utern, Gurke &amp; Tomaten<\/a>\n\n        <div class=\"wprss-feed-meta\">\n                <span class=\"feed-source\">\n        Source: <a href=\"https:\/\/www.princess.ch\/blog\/feed\" class=\"\" target=\"_blank\" rel=\"noopener noreferrer nofollow\" style=\"\">Reiseblog & Food-Blog aus der Schweiz - princess.ch<\/a>\n    <\/span>\n                <span class=\"feed-date\">\n        Published on: 2024-05-27\n    <\/span>\n            \n        <\/div>\n\n        \n    <\/li>    <li class=\"wpra-item feed-item \">\n        <a href=\"https:\/\/www.princess.ch\/blog\/restaurant-cafe-bar-tipps-winterthur\/\" class=\"\" target=\"_blank\" rel=\"noopener noreferrer nofollow\" style=\"\">47 Restaurant, Bar, Caf\u00e9 &amp; Food-Tipps f\u00fcr Winterthur<\/a>\n\n        <div class=\"wprss-feed-meta\">\n                <span class=\"feed-source\">\n        Source: <a href=\"https:\/\/www.princess.ch\/blog\/feed\" class=\"\" target=\"_blank\" rel=\"noopener noreferrer nofollow\" style=\"\">Reiseblog & Food-Blog aus der Schweiz - princess.ch<\/a>\n    <\/span>\n                <span class=\"feed-date\">\n        Published on: 2024-03-18\n    <\/span>\n            \n        <\/div>\n\n        \n    <\/li>    <li class=\"wpra-item feed-item \">\n        <a href=\"https:\/\/www.princess.ch\/blog\/chocolate-chip-cookies\/\" class=\"\" target=\"_blank\" rel=\"noopener noreferrer nofollow\" style=\"\">Chocolate Chip Cookies<\/a>\n\n        <div class=\"wprss-feed-meta\">\n                <span class=\"feed-source\">\n        Source: <a href=\"https:\/\/www.princess.ch\/blog\/feed\" class=\"\" target=\"_blank\" rel=\"noopener noreferrer nofollow\" style=\"\">Reiseblog & Food-Blog aus der Schweiz - princess.ch<\/a>\n    <\/span>\n                <span class=\"feed-date\">\n        Published on: 2024-02-29\n    <\/span>\n            \n        <\/div>\n\n        \n    <\/li>    <li class=\"wpra-item feed-item \">\n        <a href=\"https:\/\/www.princess.ch\/blog\/knuspriger-kartoffelsalat\/\" class=\"\" target=\"_blank\" rel=\"noopener noreferrer nofollow\" style=\"\">Knuspriger Kartoffelsalat<\/a>\n\n        <div class=\"wprss-feed-meta\">\n                <span class=\"feed-source\">\n        Source: <a href=\"https:\/\/www.princess.ch\/blog\/feed\" class=\"\" target=\"_blank\" rel=\"noopener noreferrer nofollow\" style=\"\">Reiseblog & Food-Blog aus der Schweiz - princess.ch<\/a>\n    <\/span>\n                <span class=\"feed-date\">\n        Published on: 2024-02-22\n    <\/span>\n            \n        <\/div>\n\n        \n    <\/li>    <li class=\"wpra-item feed-item \">\n        <a href=\"https:\/\/www.princess.ch\/blog\/spaghetti-carbonara-italienisch-ohne-rahm\/\" class=\"\" target=\"_blank\" rel=\"noopener noreferrer nofollow\" style=\"\">Spaghetti Carbonara \u2013 das Original-Rezept!<\/a>\n\n        <div class=\"wprss-feed-meta\">\n                <span class=\"feed-source\">\n        Source: <a href=\"https:\/\/www.princess.ch\/blog\/feed\" class=\"\" target=\"_blank\" rel=\"noopener noreferrer nofollow\" style=\"\">Reiseblog & Food-Blog aus der Schweiz - princess.ch<\/a>\n    <\/span>\n                <span class=\"feed-date\">\n        Published on: 2024-01-29\n    <\/span>\n            \n        <\/div>\n\n        \n    <\/li>    <li class=\"wpra-item feed-item \">\n        <a href=\"https:\/\/www.princess.ch\/blog\/carrot-cake\/\" class=\"\" target=\"_blank\" rel=\"noopener noreferrer nofollow\" style=\"\">Carrot Cake<\/a>\n\n        <div class=\"wprss-feed-meta\">\n                <span class=\"feed-source\">\n        Source: <a href=\"https:\/\/www.princess.ch\/blog\/feed\" class=\"\" target=\"_blank\" rel=\"noopener noreferrer nofollow\" style=\"\">Reiseblog & Food-Blog aus der Schweiz - princess.ch<\/a>\n    <\/span>\n                <span class=\"feed-date\">\n        Published on: 2023-11-30\n    <\/span>\n            \n        <\/div>\n\n        \n    <\/li>\n        <\/ul>\n    <\/div>     <div class=\"nav-links wpra-nav-links wpra-default-nav-links\">\n            <div class=\"nav-previous alignleft\">\n            <a data-wpra-page=\"2\" hx-post=\"https:\/\/www.gigapixel.ch\/v1\/wp-admin\/admin-ajax.php\" hx-vals=\"{&quot;action&quot;:&quot;wpra.render.display&quot;,&quot;data&quot;:{&quot;id&quot;:1,&quot;page&quot;:2,&quot;limit&quot;:15,&quot;pagination&quot;:&quot;on&quot;,&quot;template&quot;:&quot;default&quot;,&quot;_wpnonce&quot;:&quot;3335dd07dd&quot;}}\">\n        Older posts\n    <\/a>\n    <\/div>\n        \n    <\/div><\/div>\n","protected":false},"excerpt":{"rendered":"","protected":false},"author":1,"featured_media":0,"parent":0,"menu_order":0,"comment_status":"closed","ping_status":"closed","template":"","meta":{"_uag_custom_page_level_css":"","iawp_total_views":5,"footnotes":""},"class_list":["post-460","page","type-page","status-publish","hentry"],"blocksy_meta":{"styles_descriptor":{"styles":{"desktop":"","tablet":"","mobile":""},"google_fonts":[],"version":6}},"yoast_head":"<!-- This site is optimized with the Yoast SEO plugin v27.4 - https:\/\/yoast.com\/product\/yoast-seo-wordpress\/ -->\n<title>Feeds - GigaPixel.ch<\/title>\n<meta name=\"robots\" content=\"index, follow, max-snippet:-1, max-image-preview:large, max-video-preview:-1\" \/>\n<link rel=\"canonical\" href=\"https:\/\/www.gigapixel.ch\/v1\/feeds\/\" \/>\n<meta property=\"og:locale\" content=\"de_DE\" \/>\n<meta property=\"og:type\" content=\"article\" \/>\n<meta property=\"og:title\" content=\"Feeds - GigaPixel.ch\" \/>\n<meta property=\"og:url\" content=\"https:\/\/www.gigapixel.ch\/v1\/feeds\/\" \/>\n<meta property=\"og:site_name\" content=\"GigaPixel.ch\" \/>\n<meta property=\"article:modified_time\" content=\"2019-09-01T15:04:42+00:00\" \/>\n<meta name=\"twitter:card\" content=\"summary_large_image\" \/>\n<script type=\"application\/ld+json\" class=\"yoast-schema-graph\">{\"@context\":\"https:\\\/\\\/schema.org\",\"@graph\":[{\"@type\":\"WebPage\",\"@id\":\"https:\\\/\\\/www.gigapixel.ch\\\/v1\\\/feeds\\\/\",\"url\":\"https:\\\/\\\/www.gigapixel.ch\\\/v1\\\/feeds\\\/\",\"name\":\"Feeds - GigaPixel.ch\",\"isPartOf\":{\"@id\":\"https:\\\/\\\/www.gigapixel.ch\\\/v1\\\/#website\"},\"datePublished\":\"2019-09-01T15:04:41+00:00\",\"dateModified\":\"2019-09-01T15:04:42+00:00\",\"breadcrumb\":{\"@id\":\"https:\\\/\\\/www.gigapixel.ch\\\/v1\\\/feeds\\\/#breadcrumb\"},\"inLanguage\":\"de\",\"potentialAction\":[{\"@type\":\"ReadAction\",\"target\":[\"https:\\\/\\\/www.gigapixel.ch\\\/v1\\\/feeds\\\/\"]}]},{\"@type\":\"BreadcrumbList\",\"@id\":\"https:\\\/\\\/www.gigapixel.ch\\\/v1\\\/feeds\\\/#breadcrumb\",\"itemListElement\":[{\"@type\":\"ListItem\",\"position\":1,\"name\":\"Startseite\",\"item\":\"https:\\\/\\\/www.gigapixel.ch\\\/v1\\\/\"},{\"@type\":\"ListItem\",\"position\":2,\"name\":\"Feeds\"}]},{\"@type\":\"WebSite\",\"@id\":\"https:\\\/\\\/www.gigapixel.ch\\\/v1\\\/#website\",\"url\":\"https:\\\/\\\/www.gigapixel.ch\\\/v1\\\/\",\"name\":\"GigaPixel.ch\",\"description\":\"Anything about me, myself and I\",\"potentialAction\":[{\"@type\":\"SearchAction\",\"target\":{\"@type\":\"EntryPoint\",\"urlTemplate\":\"https:\\\/\\\/www.gigapixel.ch\\\/v1\\\/?s={search_term_string}\"},\"query-input\":{\"@type\":\"PropertyValueSpecification\",\"valueRequired\":true,\"valueName\":\"search_term_string\"}}],\"inLanguage\":\"de\"}]}<\/script>\n<!-- \/ Yoast SEO plugin. -->","yoast_head_json":{"title":"Feeds - GigaPixel.ch","robots":{"index":"index","follow":"follow","max-snippet":"max-snippet:-1","max-image-preview":"max-image-preview:large","max-video-preview":"max-video-preview:-1"},"canonical":"https:\/\/www.gigapixel.ch\/v1\/feeds\/","og_locale":"de_DE","og_type":"article","og_title":"Feeds - GigaPixel.ch","og_url":"https:\/\/www.gigapixel.ch\/v1\/feeds\/","og_site_name":"GigaPixel.ch","article_modified_time":"2019-09-01T15:04:42+00:00","twitter_card":"summary_large_image","schema":{"@context":"https:\/\/schema.org","@graph":[{"@type":"WebPage","@id":"https:\/\/www.gigapixel.ch\/v1\/feeds\/","url":"https:\/\/www.gigapixel.ch\/v1\/feeds\/","name":"Feeds - GigaPixel.ch","isPartOf":{"@id":"https:\/\/www.gigapixel.ch\/v1\/#website"},"datePublished":"2019-09-01T15:04:41+00:00","dateModified":"2019-09-01T15:04:42+00:00","breadcrumb":{"@id":"https:\/\/www.gigapixel.ch\/v1\/feeds\/#breadcrumb"},"inLanguage":"de","potentialAction":[{"@type":"ReadAction","target":["https:\/\/www.gigapixel.ch\/v1\/feeds\/"]}]},{"@type":"BreadcrumbList","@id":"https:\/\/www.gigapixel.ch\/v1\/feeds\/#breadcrumb","itemListElement":[{"@type":"ListItem","position":1,"name":"Startseite","item":"https:\/\/www.gigapixel.ch\/v1\/"},{"@type":"ListItem","position":2,"name":"Feeds"}]},{"@type":"WebSite","@id":"https:\/\/www.gigapixel.ch\/v1\/#website","url":"https:\/\/www.gigapixel.ch\/v1\/","name":"GigaPixel.ch","description":"Anything about me, myself and I","potentialAction":[{"@type":"SearchAction","target":{"@type":"EntryPoint","urlTemplate":"https:\/\/www.gigapixel.ch\/v1\/?s={search_term_string}"},"query-input":{"@type":"PropertyValueSpecification","valueRequired":true,"valueName":"search_term_string"}}],"inLanguage":"de"}]}},"spectra_custom_meta":{"_edit_lock":["1567350284:1"],"_edit_last":["1"],"ampforwp_custom_content_editor":[""],"ampforwp_custom_content_editor_checkbox":[null],"ampforwp-amp-on-off":["default"],"_yoast_wpseo_content_score":["30"],"_graphene_post_images":["a:3:{s:7:\"696x696\";b:0;s:7:\"696x522\";b:0;s:7:\"696x392\";b:0;}"],"blocksy_post_meta_options":["a:1:{s:17:\"styles_descriptor\";a:3:{s:6:\"styles\";a:3:{s:7:\"desktop\";s:0:\"\";s:6:\"tablet\";s:0:\"\";s:6:\"mobile\";s:0:\"\";}s:12:\"google_fonts\";a:0:{}s:7:\"version\";i:6;}}"],"_uag_page_assets":["a:9:{s:3:\"css\";s:0:\"\";s:2:\"js\";s:0:\"\";s:18:\"current_block_list\";a:0:{}s:8:\"uag_flag\";b:0;s:11:\"uag_version\";s:10:\"1775829164\";s:6:\"gfonts\";a:0:{}s:10:\"gfonts_url\";s:0:\"\";s:12:\"gfonts_files\";a:0:{}s:14:\"uag_faq_layout\";b:0;}"],"_cmplz_scanned_post":["1"],"iawp_total_views":["5"]},"uagb_featured_image_src":{"full":false,"thumbnail":false,"medium":false,"medium_large":false,"large":false,"1536x1536":false,"2048x2048":false,"cptm_icon":false},"uagb_author_info":{"display_name":"Michel","author_link":"https:\/\/www.gigapixel.ch\/v1\/author\/admin\/"},"uagb_comment_info":0,"uagb_excerpt":null,"_links":{"self":[{"href":"https:\/\/www.gigapixel.ch\/v1\/wp-json\/wp\/v2\/pages\/460","targetHints":{"allow":["GET"]}}],"collection":[{"href":"https:\/\/www.gigapixel.ch\/v1\/wp-json\/wp\/v2\/pages"}],"about":[{"href":"https:\/\/www.gigapixel.ch\/v1\/wp-json\/wp\/v2\/types\/page"}],"author":[{"embeddable":true,"href":"https:\/\/www.gigapixel.ch\/v1\/wp-json\/wp\/v2\/users\/1"}],"replies":[{"embeddable":true,"href":"https:\/\/www.gigapixel.ch\/v1\/wp-json\/wp\/v2\/comments?post=460"}],"version-history":[{"count":1,"href":"https:\/\/www.gigapixel.ch\/v1\/wp-json\/wp\/v2\/pages\/460\/revisions"}],"predecessor-version":[{"id":472,"href":"https:\/\/www.gigapixel.ch\/v1\/wp-json\/wp\/v2\/pages\/460\/revisions\/472"}],"wp:attachment":[{"href":"https:\/\/www.gigapixel.ch\/v1\/wp-json\/wp\/v2\/media?parent=460"}],"curies":[{"name":"wp","href":"https:\/\/api.w.org\/{rel}","templated":true}]}}